{"id":2361,"date":"2025-07-14T10:35:34","date_gmt":"2025-07-14T08:35:34","guid":{"rendered":"https:\/\/lakline.mcduelab.it\/?page_id=2361"},"modified":"2025-07-23T10:30:29","modified_gmt":"2025-07-23T08:30:29","slug":"soluzioni-per-la-logistica","status":"publish","type":"page","link":"https:\/\/lakline.it\/en\/what-we-do\/logistics-solutions\/","title":{"rendered":"Logistics solutions"},"content":{"rendered":"<h1>soluzioni per<br \/>la logistica<\/h1>\n<h1>soluzioni per<br \/>la logistica<\/h1>\n<div>\n<p>Offriamo una gamma completa di coperture termiche, flexitank, liner bag e accessori per container, studiati per proteggere merci sensibili e ottimizzare i trasporti. Le nostre soluzioni assicurano efficienza, sicurezza e risposte su misura per ogni esigenza logistica.<\/p>\n<\/div>\n<p><img decoding=\"async\" src=\"\/wp-content\/uploads\/yootheme\/home-products-04.svg\" alt=\"\"><\/p>\n<h2>Scarica i cataloghi<\/h2>\n<table>\n<tbody>\n<tr>\n<td>CATALOGO FLEXI TANK<\/td>\n<td>\n        <a href=\"\/wp-content\/uploads\/2025\/07\/CATALOGO-FLEXI-TANK-ITA-1.pdf\">scarica pdf<\/a>\n    <\/td>\n<\/tr>\n<tr>\n<td>CATALOGO LINER BAG<\/td>\n<td>\n        <a href=\"\/wp-content\/uploads\/2025\/07\/CATALOGO-LINER-BAG-ITA-1.pdf\">scarica pdf<\/a>\n    <\/td>\n<\/tr>\n<tr>\n<td>CATALOGO COPERTE TERMICHE<\/td>\n<td>\n        <a href=\"\/wp-content\/uploads\/2025\/07\/CATALOGO-COPERTE-TERMICHE-ITA-.pdf\">scarica pdf<\/a>\n    <\/td>\n<\/tr>\n<\/tbody>\n<\/table>\n<h2>un mondo<br \/>di<br \/>soluzioni<\/h2>\n<div>\n<p><strong>Europa, Africa, America, Asia, Oceania: ovunque ci sia bisogno, ci siamo.<\/strong><\/p>\n<\/div>\n<div>\n<p>Dal 2000 Lak line \u00e8 sinonimo di qualit\u00e0, innovazione e affidabilit\u00e0 nel settore logistico e dello shipping internazionale.<\/p>\n<\/div>\n<p><p>\n        <a href=\"\/contatti\/\">CONTATTACI ORA<\/a>\n    <\/p>\n<\/p>\n<p><!--more--><br \/>\n<!-- {\"type\":\"layout\",\"children\":[{\"name\":\"Hero\",\"type\":\"section\",\"props\":{\"image\":\"wp-content\\\/uploads\\\/2025\\\/07\\\/SFONDO-PAGNA-COSA-FACCIAMO-animazione-nave.--scaled.jpg\",\"image_position\":\"center-center\",\"media_overlay\":\"rgba(0, 0, 0, 0.34)\",\"padding\":\"xlarge\",\"preserve_color\":false,\"style\":\"default\",\"text_color\":\"light\",\"title_breakpoint\":\"xl\",\"title_position\":\"top-left\",\"title_rotation\":\"left\",\"vertical_align\":\"\",\"width\":\"\"},\"children\":[{\"type\":\"row\",\"props\":{\"margin\":\"default\",\"width\":\"large\"},\"children\":[{\"type\":\"column\",\"props\":{\"image_position\":\"center-center\",\"position_sticky_breakpoint\":\"m\",\"width_medium\":\"1-1\"},\"children\":[{\"type\":\"headline\",\"props\":{\"animation\":\"parallax\",\"content\":\"soluzioni per<br \\\/>la logistica\",\"content_en_gb\":\"Logistics<br \\\/>solutions\",\"content_es_es\":\"Soluciones<br \\\/>log\\u00edsticas\",\"parallax_breakpoint\":\"m\",\"parallax_easing\":\"1\",\"parallax_y\":\"0,70\",\"title_element\":\"h1\",\"title_style\":\"heading-2xlarge\",\"visibility\":\"s\"}},{\"type\":\"headline\",\"props\":{\"animation\":\"parallax\",\"content\":\"soluzioni per<br \\\/>la logistica\",\"parallax_breakpoint\":\"m\",\"parallax_easing\":\"1\",\"parallax_y\":\"0,70\",\"title_element\":\"h1\",\"title_style\":\"heading-xlarge\",\"visibility\":\"hidden-s\"}}]}]}]},{\"name\":\"About\",\"type\":\"section\",\"props\":{\"image_position\":\"center-center\",\"padding\":\"large\",\"padding_remove_top\":false,\"style\":\"default\",\"title_breakpoint\":\"xl\",\"title_position\":\"top-left\",\"title_rotation\":\"left\",\"vertical_align\":\"\",\"width\":\"large\"},\"children\":[{\"type\":\"row\",\"props\":{\"layout\":\"2-3,1-3\"},\"children\":[{\"type\":\"column\",\"props\":{\"image_position\":\"center-center\",\"position_sticky_breakpoint\":\"m\",\"vertical_align\":\"middle\",\"width_medium\":\"2-3\"},\"children\":[{\"type\":\"text\",\"props\":{\"animation\":\"parallax\",\"column_breakpoint\":\"m\",\"content\":\"\n\n<p>Offriamo una gamma completa di coperture termiche, flexitank, liner bag e accessori per container, studiati per proteggere merci sensibili e ottimizzare i trasporti. Le nostre soluzioni assicurano efficienza, sicurezza e risposte su misura per ogni esigenza logistica.<\\\/p>\",\"content_en_gb\":\"\n\n<p>We offer a complete range of thermal covers, flexitanks, liner bags, and container accessories, designed to protect sensitive goods and optimize transport. Our solutions ensure efficiency, safety, and tailor-made responses for every logistics need.<\\\/p>\",\"content_es_es\":\"\n\n<p>Ofrecemos una gama completa de cubiertas t\\u00e9rmicas, flexitanks, liner bags y accesorios para contenedores, dise\\u00f1ados para proteger mercanc\\u00edas sensibles y optimizar los transportes. Nuestras soluciones garantizan eficiencia, seguridad y respuestas a medida para cada necesidad log\\u00edstica.<\\\/p>\",\"margin\":\"\",\"maxwidth\":\"2xlarge\",\"parallax_breakpoint\":\"m\",\"parallax_easing\":\"1\",\"parallax_y\":\"100,0\",\"text_style\":\"lead\"}}]},{\"type\":\"column\",\"props\":{\"image_position\":\"center-center\",\"position_sticky_breakpoint\":\"m\",\"vertical_align\":\"middle\",\"width_medium\":\"1-3\"},\"children\":[{\"type\":\"image\",\"props\":{\"image\":\"wp-content\\\/uploads\\\/yootheme\\\/home-products-04.svg\",\"image_loading\":true,\"image_svg_animate\":true,\"image_svg_color\":\"emphasis\",\"image_svg_inline\":true,\"margin\":\"\",\"text_align\":\"right\",\"text_align_breakpoint\":\"m\",\"visibility\":\"m\"}}]}]}]},{\"name\":\"Services\",\"type\":\"section\",\"props\":{\"image_position\":\"center-center\",\"padding\":\"xlarge\",\"padding_remove_top\":true,\"style\":\"default\",\"title_breakpoint\":\"xl\",\"title_position\":\"top-left\",\"title_rotation\":\"left\",\"vertical_align\":\"\",\"width\":\"large\"},\"children\":[{\"type\":\"row\",\"children\":[{\"type\":\"column\",\"props\":{\"image_position\":\"center-center\",\"position_sticky_breakpoint\":\"m\",\"width_medium\":\"1-1\"},\"children\":[{\"type\":\"headline\",\"props\":{\"animation\":\"parallax\",\"content\":\"Scarica i cataloghi\",\"content_en_gb\":\"Download the catalogs\",\"content_es_es\":\"Descarga los cat\\u00e1logos\",\"margin\":\"large\",\"parallax_breakpoint\":\"m\",\"parallax_easing\":\"1\",\"parallax_y\":\"100,30\",\"title_element\":\"h2\",\"title_style\":\"heading-medium\"}},{\"type\":\"table\",\"props\":{\"animation\":\"parallax\",\"image_svg_color\":\"primary\",\"image_svg_inline\":true,\"image_width\":\"60\",\"link_fullwidth\":false,\"link_style\":\"default\",\"link_target\":true,\"link_text\":\"Scarica pdf\",\"maxwidth_breakpoint\":\"m\",\"meta_style\":\"text-meta\",\"parallax_breakpoint\":\"m\",\"parallax_easing\":\"1\",\"parallax_y\":\"100,-30\",\"show_content\":true,\"show_image\":true,\"show_link\":true,\"show_meta\":true,\"show_title\":true,\"table_justify\":true,\"table_order\":\"4\",\"table_responsive\":\"responsive\",\"table_size\":\"large\",\"table_vertical_align\":true,\"table_width_content\":\"medium\",\"table_width_meta\":\"shrink\",\"table_width_title\":\"medium\",\"title_color\":\"primary\",\"title_style\":\"h2\"},\"children\":[{\"type\":\"table_item\",\"props\":{\"content\":\"\",\"image\":\"\",\"link\":\"wp-content\\\/uploads\\\/2025\\\/07\\\/CATALOGO-FLEXI-TANK-ITA-1.pdf\",\"link_en_gb\":\"wp-content\\\/uploads\\\/2025\\\/07\\\/CATALOGO-FLEXI-TANK-ING-.pdf\",\"link_es_es\":\"wp-content\\\/uploads\\\/2025\\\/07\\\/CATALOGO-FLEXI-TANK-SPA-.pdf\",\"link_text\":\"scarica pdf\",\"link_text_en_gb\":\"DOWNLOAD PDF\",\"link_text_es_es\":\"DESCARGAR PDF\",\"title\":\"CATALOGO FLEXI TANK\",\"title_en_gb\":\"FLEXI TANK CATALOG\",\"title_es_es\":\"CAT\\u00c1LOGO FLEXI TANK\"}},{\"type\":\"table_item\",\"props\":{\"content\":\"\",\"image\":\"\",\"link\":\"wp-content\\\/uploads\\\/2025\\\/07\\\/CATALOGO-LINER-BAG-ITA-1.pdf\",\"link_en_gb\":\"wp-content\\\/uploads\\\/2025\\\/07\\\/CATALOGO-LINER-BAG-ING-.pdf\",\"link_es_es\":\"wp-content\\\/uploads\\\/2025\\\/07\\\/CATALOGO-LINER-BAG-SPA-.pdf\",\"link_text\":\"scarica pdf\",\"link_text_en_gb\":\"DOWNLOAD PDF\",\"link_text_es_es\":\"DESCARGAR PDF\",\"title\":\"CATALOGO LINER BAG\",\"title_en_gb\":\"LINER BAG CATALOG\",\"title_es_es\":\"CAT\\u00c1LOGO LINER BAG\"}},{\"type\":\"table_item\",\"props\":{\"content\":\"\",\"image\":\"\",\"link\":\"wp-content\\\/uploads\\\/2025\\\/07\\\/CATALOGO-COPERTE-TERMICHE-ITA-.pdf\",\"link_en_gb\":\"wp-content\\\/uploads\\\/2025\\\/07\\\/CATALOGO-COPERTE-TERMICHE-ING.pdf\",\"link_es_es\":\"wp-content\\\/uploads\\\/2025\\\/07\\\/CATALOGO-COPERTE-TERMICHE-SPA.pdf\",\"link_text\":\"scarica pdf\",\"link_text_en_gb\":\"DOWNLOAD PDF\",\"link_text_es_es\":\"DESCARGAR PDF\",\"title\":\"CATALOGO COPERTE TERMICHE\",\"title_en_gb\":\"THERMAL BLANKETS CATALOG\",\"title_es_es\":\"CAT\\u00c1LOGO DE MANTAS T\\u00c9RMICAS\"}}]}]}]}]},{\"name\":\"Related Products\",\"type\":\"section\",\"props\":{\"image_position\":\"center-center\",\"padding\":\"xlarge\",\"status\":\"disabled\",\"style\":\"primary\",\"title_breakpoint\":\"xl\",\"title_position\":\"top-left\",\"title_rotation\":\"left\",\"vertical_align\":\"\",\"width\":\"large\"},\"children\":[{\"type\":\"row\",\"props\":{\"column_gap\":\"large\",\"layout\":\"1-3,2-3\",\"row_gap\":\"large\"},\"children\":[{\"type\":\"column\",\"props\":{\"image_position\":\"center-center\",\"position_sticky_breakpoint\":\"m\",\"vertical_align\":\"middle\",\"width_medium\":\"1-3\"},\"children\":[{\"type\":\"headline\",\"props\":{\"animation\":\"parallax\",\"content\":\"Related <br \/><span class=\\\"uk-heading-divider uk-display-inline-block\\\">Products<\\\/span>\",\"maxwidth\":\"small\",\"parallax_breakpoint\":\"m\",\"parallax_easing\":\"1\",\"parallax_y\":\"50,0\",\"title_element\":\"h2\",\"title_style\":\"heading-medium\"}},{\"type\":\"text\",\"props\":{\"animation\":\"parallax\",\"column_breakpoint\":\"m\",\"content\":\"\n\n<p>In hac habitasse platea dictumst velit phasellus ac curabitur at lacus ornare lobortis gravida semper nisi.<\\\/p>\",\"margin\":\"\",\"maxwidth\":\"medium\",\"parallax_breakpoint\":\"m\",\"parallax_easing\":\"1\",\"parallax_y\":\"50,0\"}}]},{\"type\":\"column\",\"props\":{\"image_position\":\"center-center\",\"position_sticky_breakpoint\":\"m\",\"vertical_align\":\"middle\",\"width_medium\":\"2-3\"},\"children\":[{\"type\":\"grid\",\"props\":{\"animation\":\"parallax\",\"content_column_breakpoint\":\"m\",\"filter_align\":\"left\",\"filter_all\":true,\"filter_grid_breakpoint\":\"m\",\"filter_grid_width\":\"auto\",\"filter_position\":\"top\",\"filter_style\":\"tab\",\"grid_column_gap\":\"large\",\"grid_default\":\"1\",\"grid_medium\":\"3\",\"grid_row_gap\":\"large\",\"grid_small\":\"2\",\"icon_width\":80,\"image_align\":\"top\",\"image_grid_breakpoint\":\"m\",\"image_grid_width\":\"1-2\",\"image_svg_color\":\"emphasis\",\"item_animation\":true,\"lightbox_bg_close\":true,\"link_style\":\"text\",\"link_text\":\"Show more\",\"margin\":\"\",\"meta_align\":\"below-title\",\"meta_element\":\"div\",\"meta_style\":\"text-meta\",\"parallax_breakpoint\":\"m\",\"parallax_easing\":\"1\",\"parallax_y\":\"80,10\",\"show_content\":true,\"show_hover_image\":true,\"show_hover_video\":true,\"show_image\":true,\"show_link\":true,\"show_meta\":true,\"show_title\":true,\"show_video\":true,\"title_align\":\"top\",\"title_element\":\"h3\",\"title_grid_breakpoint\":\"m\",\"title_grid_width\":\"1-2\",\"title_hover_style\":\"reset\",\"title_style\":\"h4\"},\"children\":[{\"type\":\"grid_item\",\"props\":{\"content\":\"Donec quam felis ultricies vene natis vitae elementum et massa lorem consequat quis.\",\"link\":\"?page_id=2#land\",\"title\":\"Land Transport\"}},{\"type\":\"grid_item\",\"props\":{\"content\":\"Donec quam felis ultricies vene natis vitae elementum et massa lorem consequat quis.\",\"link\":\"?page_id=2#air\",\"title\":\"Air Freight\"}},{\"type\":\"grid_item\",\"props\":{\"content\":\"Donec quam felis ultricies vene natis vitae elementum et massa lorem consequat quis.\",\"link\":\"?page_id=2#special\",\"title\":\"Special Transports\"}}]}]}]}]},{\"name\":\"rimando contatti banner arancione DEFINITIVO\",\"type\":\"section\",\"props\":{\"height\":\"viewport\",\"height_viewport\":80,\"image\":\"wp-content\\\/uploads\\\/yootheme\\\/about-us-philosophy-bg.svg\",\"image_effect\":\"parallax\",\"image_parallax_easing\":\"1\",\"image_position\":\"bottom-center\",\"padding\":\"large\",\"style\":\"primary\",\"title_breakpoint\":\"xl\",\"title_position\":\"top-left\",\"title_rotation\":\"left\",\"vertical_align\":\"middle\",\"width\":\"small\"},\"children\":[{\"type\":\"row\",\"props\":{\"layout\":\"2-3,1-3\"},\"children\":[{\"type\":\"column\",\"props\":{\"image_position\":\"center-center\",\"position_sticky_breakpoint\":\"m\",\"vertical_align\":\"middle\",\"width_medium\":\"2-3\"},\"children\":[{\"type\":\"headline\",\"props\":{\"animation\":\"parallax\",\"content\":\"un mondo<br \\\/>di<br \\\/>soluzioni\",\"content_en_gb\":\"A WORLD<br \\\/>OF<br \\\/>SOLUTIONS\",\"content_es_es\":\"<span>UN MUNDO<br \\\/>DE<br \\\/>SOLUCIO-<br \\\/>NES<\\\/span>\",\"maxwidth_breakpoint\":\"m\",\"parallax_breakpoint\":\"m\",\"parallax_easing\":\"1\",\"parallax_y\":\"30,-30\",\"title_element\":\"h2\",\"title_style\":\"heading-xlarge\"}}]},{\"type\":\"column\",\"props\":{\"image_position\":\"center-center\",\"position_sticky_breakpoint\":\"m\",\"vertical_align\":\"middle\",\"width_medium\":\"1-3\"},\"children\":[{\"type\":\"text\",\"props\":{\"animation\":\"parallax\",\"column_breakpoint\":\"m\",\"content\":\"\n\n<p><strong>Europa, Africa, America, Asia, Oceania: ovunque ci sia bisogno, ci siamo.<\\\/strong><\\\/p>\",\"content_en_gb\":\"\n\n<p><strong>Europe, Africa, America, Asia, Oceania: wherever there\\u2019s a need, we are there.<\\\/strong><\\\/p>\",\"content_es_es\":\"\n\n<p><strong>Europa, \\u00c1frica, Am\\u00e9rica, Asia, Ocean\\u00eda: dondequiera que se necesite, all\\u00ed estamos.<\\\/strong><\\\/p>\",\"dropcap\":false,\"margin\":\"default\",\"maxwidth\":\"large\",\"parallax_breakpoint\":\"m\",\"parallax_easing\":\"1\",\"parallax_y\":\"30,-30\",\"text_style\":\"large\"}},{\"type\":\"text\",\"props\":{\"animation\":\"parallax\",\"column_breakpoint\":\"m\",\"content\":\"\n\n<p>Dal 2000 Lak line \\u00e8 sinonimo di qualit\\u00e0, innovazione e affidabilit\\u00e0 nel settore logistico e dello shipping internazionale.<\\\/p>\",\"content_en_gb\":\"\n\n<p data-start=\\\"162\\\" data-end=\\\"295\\\">Since 2000, Lak line has been synonymous with quality, innovation, and reliability in the logistics and international shipping sector.<\\\/p>\",\"content_es_es\":\"\n\n<p data-start=\\\"409\\\" data-end=\\\"547\\\">Desde el a\\u00f1o 2000, Lak line es sin\\u00f3nimo de calidad, innovaci\\u00f3n y fiabilidad en el sector log\\u00edstico y del transporte mar\\u00edtimo internacional.<\\\/p>\",\"margin\":\"medium\",\"margin_remove_top\":true,\"maxwidth\":\"xlarge\",\"parallax_breakpoint\":\"m\",\"parallax_easing\":\"1\",\"parallax_y\":\"30,-30\"}},{\"type\":\"button\",\"props\":{\"animation\":\"parallax\",\"grid_column_gap\":\"small\",\"grid_row_gap\":\"small\",\"margin\":\"default\",\"parallax_breakpoint\":\"m\",\"parallax_easing\":\"1\",\"parallax_y\":\"30,-30\"},\"children\":[{\"type\":\"button_item\",\"props\":{\"button_style\":\"default\",\"content\":\"CONTATTACI ORA\",\"content_en_gb\":\"Contact us now\",\"content_es_es\":\"CONT\\u00c1CTANOS AHORA\",\"dialog_layout\":\"modal\",\"dialog_offcanvas_flip\":true,\"icon_align\":\"left\",\"link\":\"contatti\\\/\",\"link_en_gb\":\"https:\\\/\\\/lakline.it\\\/en\\\/contacts\\\/\",\"link_es_es\":\"https:\\\/\\\/lakline.it\\\/es\\\/contactos\\\/\"}}]}]}]}]}],\"version\":\"4.5.21\"} --><\/p>\n","protected":false},"excerpt":{"rendered":"<p>soluzioni perla logistica soluzioni perla logistica Offriamo una gamma completa di coperture termiche, flexitank, liner bag e accessori per container, studiati per proteggere merci sensibili e ottimizzare i trasporti. Le nostre soluzioni assicurano efficienza, sicurezza e risposte su misura per ogni esigenza logistica. Scarica i cataloghi CATALOGO FLEXI TANK scarica pdf CATALOGO LINER BAG scarica [&hellip;]<\/p>\n","protected":false},"author":1,"featured_media":0,"parent":2,"menu_order":5,"comment_status":"closed","ping_status":"closed","template":"","meta":{"footnotes":""},"class_list":["post-2361","page","type-page","status-publish","hentry"],"yoast_head":"<!-- This site is optimized with the Yoast SEO plugin v27.3 - https:\/\/yoast.com\/product\/yoast-seo-wordpress\/ -->\n<title>Logistics solutions<\/title>\n<meta name=\"robots\" content=\"index, follow, max-snippet:-1, max-image-preview:large, max-video-preview:-1\" \/>\n<meta property=\"og:locale\" content=\"en_GB\" \/>\n<meta property=\"og:type\" content=\"article\" \/>\n<meta property=\"og:title\" content=\"Logistics solutions\" \/>\n<meta property=\"og:url\" content=\"https:\/\/lakline.it\/en\/what-we-do\/logistics-solutions\/\" \/>\n<meta property=\"og:site_name\" content=\"Lakline\" \/>\n<meta property=\"article:modified_time\" content=\"2025-07-23T08:30:29+00:00\" \/>\n<meta name=\"twitter:card\" content=\"summary_large_image\" \/>\n<script type=\"application\/ld+json\" class=\"yoast-schema-graph\">{\"@context\":\"https:\\\/\\\/schema.org\",\"@graph\":[{\"@type\":\"WebPage\",\"@id\":\"https:\\\/\\\/lakline.it\\\/en\\\/what-we-do\\\/logistics-solutions\\\/\",\"url\":\"https:\\\/\\\/lakline.it\\\/en\\\/what-we-do\\\/logistics-solutions\\\/\",\"name\":\"Soluzioni per la logistica - Lakline\",\"isPartOf\":{\"@id\":\"https:\\\/\\\/lakline.it\\\/it\\\/#website\"},\"datePublished\":\"2025-07-14T08:35:34+00:00\",\"dateModified\":\"2025-07-23T08:30:29+00:00\",\"breadcrumb\":{\"@id\":\"https:\\\/\\\/lakline.it\\\/en\\\/what-we-do\\\/logistics-solutions\\\/#breadcrumb\"},\"inLanguage\":\"en-GB\",\"potentialAction\":[{\"@type\":\"ReadAction\",\"target\":[\"https:\\\/\\\/lakline.it\\\/en\\\/what-we-do\\\/logistics-solutions\\\/\"]}]},{\"@type\":\"BreadcrumbList\",\"@id\":\"https:\\\/\\\/lakline.it\\\/en\\\/what-we-do\\\/logistics-solutions\\\/#breadcrumb\",\"itemListElement\":[{\"@type\":\"ListItem\",\"position\":1,\"name\":\"Home\",\"item\":\"https:\\\/\\\/lakline.it\\\/it\\\/\"},{\"@type\":\"ListItem\",\"position\":2,\"name\":\"What we do\",\"item\":\"https:\\\/\\\/lakline.it\\\/it\\\/cosa-facciamo\\\/\"},{\"@type\":\"ListItem\",\"position\":3,\"name\":\"Logistics solutions\"}]},{\"@type\":\"WebSite\",\"@id\":\"https:\\\/\\\/lakline.it\\\/en\\\/it\\\/#website\",\"url\":\"https:\\\/\\\/lakline.it\\\/en\\\/it\\\/\",\"name\":\"Lakline\",\"description\":\"\",\"publisher\":{\"@id\":\"https:\\\/\\\/lakline.it\\\/en\\\/it\\\/#organization\"},\"potentialAction\":[{\"@type\":\"SearchAction\",\"target\":{\"@type\":\"EntryPoint\",\"urlTemplate\":\"https:\\\/\\\/lakline.it\\\/en\\\/it\\\/?s={search_term_string}\"},\"query-input\":{\"@type\":\"PropertyValueSpecification\",\"valueRequired\":true,\"valueName\":\"search_term_string\"}}],\"inLanguage\":\"en-GB\"},{\"@type\":\"Organization\",\"@id\":\"https:\\\/\\\/lakline.it\\\/en\\\/it\\\/#organization\",\"name\":\"Lakline\",\"url\":\"https:\\\/\\\/lakline.it\\\/en\\\/it\\\/\",\"logo\":{\"@type\":\"ImageObject\",\"inLanguage\":\"en-GB\",\"@id\":\"https:\\\/\\\/lakline.it\\\/en\\\/it\\\/#\\\/schema\\\/logo\\\/image\\\/\",\"url\":\"https:\\\/\\\/lakline.it\\\/wp-content\\\/uploads\\\/2025\\\/06\\\/cropped-lakline-logo-ok-sfumatura-allargata-13-giugno-2023-scaled-1.png\",\"contentUrl\":\"https:\\\/\\\/lakline.it\\\/wp-content\\\/uploads\\\/2025\\\/06\\\/cropped-lakline-logo-ok-sfumatura-allargata-13-giugno-2023-scaled-1.png\",\"width\":512,\"height\":512,\"caption\":\"Lakline\"},\"image\":{\"@id\":\"https:\\\/\\\/lakline.it\\\/en\\\/it\\\/#\\\/schema\\\/logo\\\/image\\\/\"},\"sameAs\":[\"https:\\\/\\\/www.instagram.com\\\/laklinesrl\\\/\"]}]}<\/script>\n<!-- \/ Yoast SEO plugin. -->","yoast_head_json":{"title":"Logistics solutions","robots":{"index":"index","follow":"follow","max-snippet":"max-snippet:-1","max-image-preview":"max-image-preview:large","max-video-preview":"max-video-preview:-1"},"og_locale":"en_GB","og_type":"article","og_title":"Logistics solutions","og_url":"https:\/\/lakline.it\/en\/what-we-do\/logistics-solutions\/","og_site_name":"Lakline","article_modified_time":"2025-07-23T08:30:29+00:00","twitter_card":"summary_large_image","schema":{"@context":"https:\/\/schema.org","@graph":[{"@type":"WebPage","@id":"https:\/\/lakline.it\/en\/what-we-do\/logistics-solutions\/","url":"https:\/\/lakline.it\/en\/what-we-do\/logistics-solutions\/","name":"Soluzioni per la logistica - Lakline","isPartOf":{"@id":"https:\/\/lakline.it\/it\/#website"},"datePublished":"2025-07-14T08:35:34+00:00","dateModified":"2025-07-23T08:30:29+00:00","breadcrumb":{"@id":"https:\/\/lakline.it\/en\/what-we-do\/logistics-solutions\/#breadcrumb"},"inLanguage":"en-GB","potentialAction":[{"@type":"ReadAction","target":["https:\/\/lakline.it\/en\/what-we-do\/logistics-solutions\/"]}]},{"@type":"BreadcrumbList","@id":"https:\/\/lakline.it\/en\/what-we-do\/logistics-solutions\/#breadcrumb","itemListElement":[{"@type":"ListItem","position":1,"name":"Home","item":"https:\/\/lakline.it\/it\/"},{"@type":"ListItem","position":2,"name":"What we do","item":"https:\/\/lakline.it\/it\/cosa-facciamo\/"},{"@type":"ListItem","position":3,"name":"Logistics solutions"}]},{"@type":"WebSite","@id":"https:\/\/lakline.it\/en\/it\/#website","url":"https:\/\/lakline.it\/en\/it\/","name":"Lakline","description":"","publisher":{"@id":"https:\/\/lakline.it\/en\/it\/#organization"},"potentialAction":[{"@type":"SearchAction","target":{"@type":"EntryPoint","urlTemplate":"https:\/\/lakline.it\/en\/it\/?s={search_term_string}"},"query-input":{"@type":"PropertyValueSpecification","valueRequired":true,"valueName":"search_term_string"}}],"inLanguage":"en-GB"},{"@type":"Organization","@id":"https:\/\/lakline.it\/en\/it\/#organization","name":"Lakline","url":"https:\/\/lakline.it\/en\/it\/","logo":{"@type":"ImageObject","inLanguage":"en-GB","@id":"https:\/\/lakline.it\/en\/it\/#\/schema\/logo\/image\/","url":"https:\/\/lakline.it\/wp-content\/uploads\/2025\/06\/cropped-lakline-logo-ok-sfumatura-allargata-13-giugno-2023-scaled-1.png","contentUrl":"https:\/\/lakline.it\/wp-content\/uploads\/2025\/06\/cropped-lakline-logo-ok-sfumatura-allargata-13-giugno-2023-scaled-1.png","width":512,"height":512,"caption":"Lakline"},"image":{"@id":"https:\/\/lakline.it\/en\/it\/#\/schema\/logo\/image\/"},"sameAs":["https:\/\/www.instagram.com\/laklinesrl\/"]}]}},"_links":{"self":[{"href":"https:\/\/lakline.it\/en\/wp-json\/wp\/v2\/pages\/2361","targetHints":{"allow":["GET"]}}],"collection":[{"href":"https:\/\/lakline.it\/en\/wp-json\/wp\/v2\/pages"}],"about":[{"href":"https:\/\/lakline.it\/en\/wp-json\/wp\/v2\/types\/page"}],"author":[{"embeddable":true,"href":"https:\/\/lakline.it\/en\/wp-json\/wp\/v2\/users\/1"}],"replies":[{"embeddable":true,"href":"https:\/\/lakline.it\/en\/wp-json\/wp\/v2\/comments?post=2361"}],"version-history":[{"count":28,"href":"https:\/\/lakline.it\/en\/wp-json\/wp\/v2\/pages\/2361\/revisions"}],"predecessor-version":[{"id":2750,"href":"https:\/\/lakline.it\/en\/wp-json\/wp\/v2\/pages\/2361\/revisions\/2750"}],"up":[{"embeddable":true,"href":"https:\/\/lakline.it\/en\/wp-json\/wp\/v2\/pages\/2"}],"wp:attachment":[{"href":"https:\/\/lakline.it\/en\/wp-json\/wp\/v2\/media?parent=2361"}],"curies":[{"name":"wp","href":"https:\/\/api.w.org\/{rel}","templated":true}]}}