{"id":3,"date":"2019-09-09T11:22:39","date_gmt":"2019-09-09T11:22:39","guid":{"rendered":"https:\/\/lakline.mcduelab.it\/?page_id=3"},"modified":"2025-07-23T10:29:59","modified_gmt":"2025-07-23T08:29:59","slug":"teloni-e-coperture","status":"publish","type":"page","link":"https:\/\/lakline.it\/es\/que-hacemos\/lonas-y-coberturas\/","title":{"rendered":"Lonas y coberturas"},"content":{"rendered":"<h1>TELONI E\u00a0<br \/>COPERTURE<\/h1>\n<h1>TELONI E\u00a0<br \/>COPERTURE<\/h1>\n<div>\n<p>Lak line realizza teloni su misura per container, trasporto intermodale, gazebi, dehors, capannoni, barche, piscine e striscioni pubblicitari. Utilizziamo materiali di alta qualit\u00e0 e lavorazioni precise per garantire durata, impermeabilit\u00e0 e massima affidabilit\u00e0 in ogni situazione.<\/p>\n<\/div>\n<p><img decoding=\"async\" src=\"\/wp-content\/uploads\/yootheme\/home-products-02.svg\" alt=\"\"><\/p>\n<h2>Scarica i cataloghi<\/h2>\n<table>\n<tbody>\n<tr>\n<td>catalogo teloni industriali vari<\/td>\n<td>\n        <a href=\"\/wp-content\/uploads\/2025\/07\/CATALOGO-TELONI-INDUSTRIALI-VARI-ITA-.pdf\">scarica pdf<\/a>\n    <\/td>\n<\/tr>\n<tr>\n<td>catalogo teloni per container<\/td>\n<td>\n        <a href=\"\/wp-content\/uploads\/2025\/07\/CATALOGO-TELONI-PER-CONTAINER-ITA-.pdf\">scarica pdf<\/a>\n    <\/td>\n<\/tr>\n<\/tbody>\n<\/table>\n<h2>un mondo<br \/>di<br \/>soluzioni<\/h2>\n<div>\n<p><strong>Europa, Africa, America, Asia, Oceania: ovunque ci sia bisogno, ci siamo.<\/strong><\/p>\n<\/div>\n<div>\n<p>Dal 2000 Lak line \u00e8 sinonimo di qualit\u00e0, innovazione e affidabilit\u00e0 nel settore logistico e dello shipping internazionale.<\/p>\n<\/div>\n<p><p>\n        <a href=\"\/contatti\/\">CONTATTACI ORA<\/a>\n    <\/p>\n<\/p>\n<p><!--more--><br \/>\n<!-- {\"type\":\"layout\",\"children\":[{\"name\":\"Hero\",\"type\":\"section\",\"props\":{\"image\":\"wp-content\\\/uploads\\\/2025\\\/07\\\/Lakline-spazi-e-lavoro-53-scaled.jpg\",\"image_position\":\"center-center\",\"media_overlay\":\"rgba(0, 0, 0, 0.34)\",\"padding\":\"xlarge\",\"preserve_color\":false,\"style\":\"default\",\"text_color\":\"light\",\"title_breakpoint\":\"xl\",\"title_position\":\"top-left\",\"title_rotation\":\"left\",\"vertical_align\":\"\",\"width\":\"\"},\"children\":[{\"type\":\"row\",\"props\":{\"margin\":\"default\",\"width\":\"large\"},\"children\":[{\"type\":\"column\",\"props\":{\"image_position\":\"center-center\",\"position_sticky_breakpoint\":\"m\",\"width_medium\":\"1-1\"},\"children\":[{\"type\":\"headline\",\"props\":{\"animation\":\"parallax\",\"content\":\"TELONI E\\u00a0<br \\\/>COPERTURE\",\"content_en_gb\":\"<strong data-start=\\\"5\\\" data-end=\\\"30\\\">TARPAULINS<br \\\/>AND COVERS<\\\/strong>\",\"content_es_es\":\"LONAS Y CUBIERTAS\",\"parallax_breakpoint\":\"m\",\"parallax_easing\":\"1\",\"parallax_y\":\"0,70\",\"title_element\":\"h1\",\"title_style\":\"heading-2xlarge\",\"visibility\":\"s\"}},{\"type\":\"headline\",\"props\":{\"animation\":\"parallax\",\"content\":\"TELONI E\\u00a0<br \\\/>COPERTURE\",\"parallax_breakpoint\":\"m\",\"parallax_easing\":\"1\",\"parallax_y\":\"0,70\",\"title_element\":\"h1\",\"title_style\":\"heading-xlarge\",\"visibility\":\"hidden-s\"}}]}]}]},{\"name\":\"About\",\"type\":\"section\",\"props\":{\"image_position\":\"center-center\",\"padding\":\"large\",\"padding_remove_top\":false,\"style\":\"default\",\"title_breakpoint\":\"xl\",\"title_position\":\"top-left\",\"title_rotation\":\"left\",\"vertical_align\":\"\",\"width\":\"large\"},\"children\":[{\"type\":\"row\",\"props\":{\"layout\":\"2-3,1-3\"},\"children\":[{\"type\":\"column\",\"props\":{\"image_position\":\"center-center\",\"position_sticky_breakpoint\":\"m\",\"vertical_align\":\"middle\",\"width_medium\":\"2-3\"},\"children\":[{\"type\":\"text\",\"props\":{\"animation\":\"parallax\",\"column_breakpoint\":\"m\",\"content\":\"\n\n<p>Lak line realizza teloni su misura per container, trasporto intermodale, gazebi, dehors, capannoni, barche, piscine e striscioni pubblicitari. Utilizziamo materiali di alta qualit\\u00e0 e lavorazioni precise per garantire durata, impermeabilit\\u00e0 e massima affidabilit\\u00e0 in ogni situazione.<\\\/p>\",\"content_en_gb\":\"\n\n<p>Lak line produces custom-made tarpaulins for containers, intermodal transport, gazebos, outdoor canopies, warehouses, boats, swimming pools, and advertising banners. We use high-quality materials and precise craftsmanship to ensure durability, waterproofing, and maximum reliability in every situation.<\\\/p>\",\"content_es_es\":\"\n\n<p>Lak line fabrica lonas a medida para contenedores, transporte intermodal, gazebos, terrazas exteriores, naves industriales, embarcaciones, piscinas y pancartas publicitarias. Utilizamos materiales de alta calidad y trabajos precisos para garantizar durabilidad, impermeabilidad y m\\u00e1xima fiabilidad en cualquier situaci\\u00f3n.<\\\/p>\",\"margin\":\"\",\"maxwidth\":\"2xlarge\",\"parallax_breakpoint\":\"m\",\"parallax_easing\":\"1\",\"parallax_y\":\"100,0\",\"text_style\":\"lead\"}}]},{\"type\":\"column\",\"props\":{\"image_position\":\"center-center\",\"position_sticky_breakpoint\":\"m\",\"vertical_align\":\"middle\",\"width_medium\":\"1-3\"},\"children\":[{\"type\":\"image\",\"props\":{\"image\":\"wp-content\\\/uploads\\\/yootheme\\\/home-products-02.svg\",\"image_loading\":true,\"image_svg_animate\":true,\"image_svg_color\":\"emphasis\",\"image_svg_inline\":true,\"margin\":\"\",\"text_align\":\"right\",\"text_align_breakpoint\":\"m\",\"visibility\":\"m\"}}]}]}]},{\"name\":\"Services\",\"type\":\"section\",\"props\":{\"image_position\":\"center-center\",\"padding\":\"xlarge\",\"padding_remove_top\":true,\"style\":\"default\",\"title_breakpoint\":\"xl\",\"title_position\":\"top-left\",\"title_rotation\":\"left\",\"vertical_align\":\"\",\"width\":\"large\"},\"children\":[{\"type\":\"row\",\"children\":[{\"type\":\"column\",\"props\":{\"image_position\":\"center-center\",\"position_sticky_breakpoint\":\"m\",\"width_medium\":\"1-1\"},\"children\":[{\"type\":\"headline\",\"props\":{\"animation\":\"parallax\",\"content\":\"Scarica i cataloghi\",\"content_en_gb\":\"<strong data-start=\\\"5\\\" data-end=\\\"30\\\">Download the catalogs<\\\/strong>\",\"content_es_es\":\"Descarga los cat\\u00e1logos\",\"margin\":\"large\",\"parallax_breakpoint\":\"m\",\"parallax_easing\":\"1\",\"parallax_y\":\"100,30\",\"title_element\":\"h2\",\"title_style\":\"heading-medium\"}},{\"type\":\"table\",\"props\":{\"animation\":\"parallax\",\"image_svg_color\":\"primary\",\"image_svg_inline\":true,\"image_width\":\"60\",\"link_fullwidth\":false,\"link_style\":\"default\",\"link_target\":true,\"link_text\":\"Scarica pdf\",\"maxwidth_breakpoint\":\"m\",\"meta_style\":\"text-meta\",\"parallax_breakpoint\":\"m\",\"parallax_easing\":\"1\",\"parallax_y\":\"100,-30\",\"show_content\":true,\"show_image\":true,\"show_link\":true,\"show_meta\":true,\"show_title\":true,\"table_justify\":true,\"table_order\":\"4\",\"table_responsive\":\"responsive\",\"table_size\":\"large\",\"table_vertical_align\":true,\"table_width_content\":\"medium\",\"table_width_meta\":\"shrink\",\"table_width_title\":\"medium\",\"title_color\":\"primary\",\"title_style\":\"h2\"},\"children\":[{\"type\":\"table_item\",\"props\":{\"content\":\"\",\"image\":\"\",\"link\":\"wp-content\\\/uploads\\\/2025\\\/07\\\/CATALOGO-TELONI-INDUSTRIALI-VARI-ITA-.pdf\",\"link_en_gb\":\"wp-content\\\/uploads\\\/2025\\\/07\\\/CATALOGO-TELONI-INDUSTRIALI-VARI-ING-.pdf\",\"link_es_es\":\"wp-content\\\/uploads\\\/2025\\\/07\\\/CATALOGO-TELONI-INDUSTRIALI-VARI-SPA-.pdf\",\"link_text\":\"scarica pdf\",\"link_text_en_gb\":\"DOWNLOAD PDF\",\"link_text_es_es\":\"DESCARGAR PDF\",\"title\":\"catalogo teloni industriali vari\",\"title_en_gb\":\"Catalog of various industrial tarpaulins\",\"title_es_es\":\"Cat\\u00e1logo de varias lonas industriales\"}},{\"type\":\"table_item\",\"props\":{\"content\":\"\",\"image\":\"\",\"link\":\"wp-content\\\/uploads\\\/2025\\\/07\\\/CATALOGO-TELONI-PER-CONTAINER-ITA-.pdf\",\"link_text\":\"scarica pdf\",\"link_text_en_gb\":\"DOWNLOAD PDF\",\"link_text_es_es\":\"DESCARGAR PDF\",\"title\":\"catalogo teloni per container\",\"title_en_gb\":\"Catalog of tarpaulins for containers\",\"title_es_es\":\"Cat\\u00e1logo de lonas para contenedores\"}}]}]}]}]},{\"name\":\"Related Products\",\"type\":\"section\",\"props\":{\"image_position\":\"center-center\",\"padding\":\"xlarge\",\"status\":\"disabled\",\"style\":\"primary\",\"title_breakpoint\":\"xl\",\"title_position\":\"top-left\",\"title_rotation\":\"left\",\"vertical_align\":\"\",\"width\":\"large\"},\"children\":[{\"type\":\"row\",\"props\":{\"column_gap\":\"large\",\"layout\":\"1-3,2-3\",\"row_gap\":\"large\"},\"children\":[{\"type\":\"column\",\"props\":{\"image_position\":\"center-center\",\"position_sticky_breakpoint\":\"m\",\"vertical_align\":\"middle\",\"width_medium\":\"1-3\"},\"children\":[{\"type\":\"headline\",\"props\":{\"animation\":\"parallax\",\"content\":\"Related <br \/><span class=\\\"uk-heading-divider uk-display-inline-block\\\">Products<\\\/span>\",\"maxwidth\":\"small\",\"parallax_breakpoint\":\"m\",\"parallax_easing\":\"1\",\"parallax_y\":\"50,0\",\"title_element\":\"h2\",\"title_style\":\"heading-medium\"}},{\"type\":\"text\",\"props\":{\"animation\":\"parallax\",\"column_breakpoint\":\"m\",\"content\":\"\n\n<p>In hac habitasse platea dictumst velit phasellus ac curabitur at lacus ornare lobortis gravida semper nisi.<\\\/p>\",\"margin\":\"\",\"maxwidth\":\"medium\",\"parallax_breakpoint\":\"m\",\"parallax_easing\":\"1\",\"parallax_y\":\"50,0\"}}]},{\"type\":\"column\",\"props\":{\"image_position\":\"center-center\",\"position_sticky_breakpoint\":\"m\",\"vertical_align\":\"middle\",\"width_medium\":\"2-3\"},\"children\":[{\"type\":\"grid\",\"props\":{\"animation\":\"parallax\",\"content_column_breakpoint\":\"m\",\"filter_align\":\"left\",\"filter_all\":true,\"filter_grid_breakpoint\":\"m\",\"filter_grid_width\":\"auto\",\"filter_position\":\"top\",\"filter_style\":\"tab\",\"grid_column_gap\":\"large\",\"grid_default\":\"1\",\"grid_medium\":\"3\",\"grid_row_gap\":\"large\",\"grid_small\":\"2\",\"icon_width\":80,\"image_align\":\"top\",\"image_grid_breakpoint\":\"m\",\"image_grid_width\":\"1-2\",\"image_svg_color\":\"emphasis\",\"item_animation\":true,\"lightbox_bg_close\":true,\"link_style\":\"text\",\"link_text\":\"Show more\",\"margin\":\"\",\"meta_align\":\"below-title\",\"meta_element\":\"div\",\"meta_style\":\"text-meta\",\"parallax_breakpoint\":\"m\",\"parallax_easing\":\"1\",\"parallax_y\":\"80,10\",\"show_content\":true,\"show_hover_image\":true,\"show_hover_video\":true,\"show_image\":true,\"show_link\":true,\"show_meta\":true,\"show_title\":true,\"show_video\":true,\"title_align\":\"top\",\"title_element\":\"h3\",\"title_grid_breakpoint\":\"m\",\"title_grid_width\":\"1-2\",\"title_hover_style\":\"reset\",\"title_style\":\"h4\"},\"children\":[{\"type\":\"grid_item\",\"props\":{\"content\":\"Donec quam felis ultricies vene natis vitae elementum et massa lorem consequat quis.\",\"link\":\"?page_id=2#land\",\"title\":\"Land Transport\"}},{\"type\":\"grid_item\",\"props\":{\"content\":\"Donec quam felis ultricies vene natis vitae elementum et massa lorem consequat quis.\",\"link\":\"?page_id=2#air\",\"title\":\"Air Freight\"}},{\"type\":\"grid_item\",\"props\":{\"content\":\"Donec quam felis ultricies vene natis vitae elementum et massa lorem consequat quis.\",\"link\":\"?page_id=2#special\",\"title\":\"Special Transports\"}}]}]}]}]},{\"name\":\"rimando contatti banner arancione DEFINITIVO\",\"type\":\"section\",\"props\":{\"height\":\"viewport\",\"height_viewport\":80,\"image\":\"wp-content\\\/uploads\\\/yootheme\\\/about-us-philosophy-bg.svg\",\"image_effect\":\"parallax\",\"image_parallax_easing\":\"1\",\"image_position\":\"bottom-center\",\"padding\":\"large\",\"style\":\"primary\",\"title_breakpoint\":\"xl\",\"title_position\":\"top-left\",\"title_rotation\":\"left\",\"vertical_align\":\"middle\",\"width\":\"small\"},\"children\":[{\"type\":\"row\",\"props\":{\"layout\":\"2-3,1-3\"},\"children\":[{\"type\":\"column\",\"props\":{\"image_position\":\"center-center\",\"position_sticky_breakpoint\":\"m\",\"vertical_align\":\"middle\",\"width_medium\":\"2-3\"},\"children\":[{\"type\":\"headline\",\"props\":{\"animation\":\"parallax\",\"content\":\"un mondo<br \\\/>di<br \\\/>soluzioni\",\"content_en_gb\":\"A WORLD<br \\\/>OF<br \\\/>SOLUTIONS\",\"content_es_es\":\"<span>UN MUNDO<br \\\/>DE<br \\\/>SOLUCIO-<br \\\/>NES<\\\/span>\",\"maxwidth_breakpoint\":\"m\",\"parallax_breakpoint\":\"m\",\"parallax_easing\":\"1\",\"parallax_y\":\"30,-30\",\"title_element\":\"h2\",\"title_style\":\"heading-xlarge\"}}]},{\"type\":\"column\",\"props\":{\"image_position\":\"center-center\",\"position_sticky_breakpoint\":\"m\",\"vertical_align\":\"middle\",\"width_medium\":\"1-3\"},\"children\":[{\"type\":\"text\",\"props\":{\"animation\":\"parallax\",\"column_breakpoint\":\"m\",\"content\":\"\n\n<p><strong>Europa, Africa, America, Asia, Oceania: ovunque ci sia bisogno, ci siamo.<\\\/strong><\\\/p>\",\"content_en_gb\":\"\n\n<p><strong>Europe, Africa, America, Asia, Oceania: wherever there\\u2019s a need, we are there.<\\\/strong><\\\/p>\",\"content_es_es\":\"\n\n<p><strong>Europa, \\u00c1frica, Am\\u00e9rica, Asia, Ocean\\u00eda: dondequiera que se necesite, all\\u00ed estamos.<\\\/strong><\\\/p>\",\"dropcap\":false,\"margin\":\"default\",\"maxwidth\":\"large\",\"parallax_breakpoint\":\"m\",\"parallax_easing\":\"1\",\"parallax_y\":\"30,-30\",\"text_style\":\"large\"}},{\"type\":\"text\",\"props\":{\"animation\":\"parallax\",\"column_breakpoint\":\"m\",\"content\":\"\n\n<p>Dal 2000 Lak line \\u00e8 sinonimo di qualit\\u00e0, innovazione e affidabilit\\u00e0 nel settore logistico e dello shipping internazionale.<\\\/p>\",\"content_en_gb\":\"\n\n<p data-start=\\\"162\\\" data-end=\\\"295\\\">Since 2000, Lak line has been synonymous with quality, innovation, and reliability in the logistics and international shipping sector.<\\\/p>\",\"content_es_es\":\"\n\n<p data-start=\\\"409\\\" data-end=\\\"547\\\">Desde el a\\u00f1o 2000, Lak line es sin\\u00f3nimo de calidad, innovaci\\u00f3n y fiabilidad en el sector log\\u00edstico y del transporte mar\\u00edtimo internacional.<\\\/p>\",\"margin\":\"medium\",\"margin_remove_top\":true,\"maxwidth\":\"xlarge\",\"parallax_breakpoint\":\"m\",\"parallax_easing\":\"1\",\"parallax_y\":\"30,-30\"}},{\"type\":\"button\",\"props\":{\"animation\":\"parallax\",\"grid_column_gap\":\"small\",\"grid_row_gap\":\"small\",\"margin\":\"default\",\"parallax_breakpoint\":\"m\",\"parallax_easing\":\"1\",\"parallax_y\":\"30,-30\"},\"children\":[{\"type\":\"button_item\",\"props\":{\"button_style\":\"default\",\"content\":\"CONTATTACI ORA\",\"content_en_gb\":\"Contact us now\",\"content_es_es\":\"CONT\\u00c1CTANOS AHORA\",\"dialog_layout\":\"modal\",\"dialog_offcanvas_flip\":true,\"icon_align\":\"left\",\"link\":\"contatti\\\/\",\"link_en_gb\":\"https:\\\/\\\/lakline.it\\\/en\\\/contacts\\\/\",\"link_es_es\":\"https:\\\/\\\/lakline.it\\\/es\\\/contactos\\\/\"}}]}]}]}]}],\"version\":\"4.5.21\"} --><\/p>\n","protected":false},"excerpt":{"rendered":"<p>TELONI E\u00a0COPERTURE TELONI E\u00a0COPERTURE Lak line realizza teloni su misura per container, trasporto intermodale, gazebi, dehors, capannoni, barche, piscine e striscioni pubblicitari. Utilizziamo materiali di alta qualit\u00e0 e lavorazioni precise per garantire durata, impermeabilit\u00e0 e massima affidabilit\u00e0 in ogni situazione. Scarica i cataloghi catalogo teloni industriali vari scarica pdf catalogo teloni per container scarica pdf [&hellip;]<\/p>\n","protected":false},"author":1,"featured_media":0,"parent":2,"menu_order":5,"comment_status":"closed","ping_status":"closed","template":"","meta":{"footnotes":""},"class_list":["post-3","page","type-page","status-publish","hentry"],"yoast_head":"<!-- This site is optimized with the Yoast SEO plugin v27.3 - https:\/\/yoast.com\/product\/yoast-seo-wordpress\/ -->\n<title>Lonas y coberturas<\/title>\n<meta name=\"robots\" content=\"index, follow, max-snippet:-1, max-image-preview:large, max-video-preview:-1\" \/>\n<meta property=\"og:locale\" content=\"es_ES\" \/>\n<meta property=\"og:type\" content=\"article\" \/>\n<meta property=\"og:title\" content=\"Lonas y coberturas\" \/>\n<meta property=\"og:url\" content=\"https:\/\/lakline.it\/es\/que-hacemos\/lonas-y-coberturas\/\" \/>\n<meta property=\"og:site_name\" content=\"Lakline\" \/>\n<meta property=\"article:modified_time\" content=\"2025-07-23T08:29:59+00:00\" \/>\n<meta name=\"twitter:card\" content=\"summary_large_image\" \/>\n<script type=\"application\/ld+json\" class=\"yoast-schema-graph\">{\"@context\":\"https:\\\/\\\/schema.org\",\"@graph\":[{\"@type\":\"WebPage\",\"@id\":\"https:\\\/\\\/lakline.it\\\/es\\\/que-hacemos\\\/lonas-y-coberturas\\\/\",\"url\":\"https:\\\/\\\/lakline.it\\\/es\\\/que-hacemos\\\/lonas-y-coberturas\\\/\",\"name\":\"Teloni e coperture - Lakline\",\"isPartOf\":{\"@id\":\"https:\\\/\\\/lakline.it\\\/it\\\/#website\"},\"datePublished\":\"2019-09-09T11:22:39+00:00\",\"dateModified\":\"2025-07-23T08:29:59+00:00\",\"breadcrumb\":{\"@id\":\"https:\\\/\\\/lakline.it\\\/es\\\/que-hacemos\\\/lonas-y-coberturas\\\/#breadcrumb\"},\"inLanguage\":\"es\",\"potentialAction\":[{\"@type\":\"ReadAction\",\"target\":[\"https:\\\/\\\/lakline.it\\\/es\\\/que-hacemos\\\/lonas-y-coberturas\\\/\"]}]},{\"@type\":\"BreadcrumbList\",\"@id\":\"https:\\\/\\\/lakline.it\\\/es\\\/que-hacemos\\\/lonas-y-coberturas\\\/#breadcrumb\",\"itemListElement\":[{\"@type\":\"ListItem\",\"position\":1,\"name\":\"P\u00e1gina principal\",\"item\":\"https:\\\/\\\/lakline.it\\\/it\\\/\"},{\"@type\":\"ListItem\",\"position\":2,\"name\":\"Qu\u00e9 hacemos\",\"item\":\"https:\\\/\\\/lakline.it\\\/it\\\/cosa-facciamo\\\/\"},{\"@type\":\"ListItem\",\"position\":3,\"name\":\"Lonas y coberturas\"}]},{\"@type\":\"WebSite\",\"@id\":\"https:\\\/\\\/lakline.it\\\/es\\\/it\\\/#website\",\"url\":\"https:\\\/\\\/lakline.it\\\/es\\\/it\\\/\",\"name\":\"Lakline\",\"description\":\"\",\"publisher\":{\"@id\":\"https:\\\/\\\/lakline.it\\\/es\\\/it\\\/#organization\"},\"potentialAction\":[{\"@type\":\"SearchAction\",\"target\":{\"@type\":\"EntryPoint\",\"urlTemplate\":\"https:\\\/\\\/lakline.it\\\/es\\\/it\\\/?s={search_term_string}\"},\"query-input\":{\"@type\":\"PropertyValueSpecification\",\"valueRequired\":true,\"valueName\":\"search_term_string\"}}],\"inLanguage\":\"es\"},{\"@type\":\"Organization\",\"@id\":\"https:\\\/\\\/lakline.it\\\/es\\\/it\\\/#organization\",\"name\":\"Lakline\",\"url\":\"https:\\\/\\\/lakline.it\\\/es\\\/it\\\/\",\"logo\":{\"@type\":\"ImageObject\",\"inLanguage\":\"es\",\"@id\":\"https:\\\/\\\/lakline.it\\\/es\\\/it\\\/#\\\/schema\\\/logo\\\/image\\\/\",\"url\":\"https:\\\/\\\/lakline.it\\\/wp-content\\\/uploads\\\/2025\\\/06\\\/cropped-lakline-logo-ok-sfumatura-allargata-13-giugno-2023-scaled-1.png\",\"contentUrl\":\"https:\\\/\\\/lakline.it\\\/wp-content\\\/uploads\\\/2025\\\/06\\\/cropped-lakline-logo-ok-sfumatura-allargata-13-giugno-2023-scaled-1.png\",\"width\":512,\"height\":512,\"caption\":\"Lakline\"},\"image\":{\"@id\":\"https:\\\/\\\/lakline.it\\\/es\\\/it\\\/#\\\/schema\\\/logo\\\/image\\\/\"},\"sameAs\":[\"https:\\\/\\\/www.instagram.com\\\/laklinesrl\\\/\"]}]}<\/script>\n<!-- \/ Yoast SEO plugin. -->","yoast_head_json":{"title":"Lonas y coberturas","robots":{"index":"index","follow":"follow","max-snippet":"max-snippet:-1","max-image-preview":"max-image-preview:large","max-video-preview":"max-video-preview:-1"},"og_locale":"es_ES","og_type":"article","og_title":"Lonas y coberturas","og_url":"https:\/\/lakline.it\/es\/que-hacemos\/lonas-y-coberturas\/","og_site_name":"Lakline","article_modified_time":"2025-07-23T08:29:59+00:00","twitter_card":"summary_large_image","schema":{"@context":"https:\/\/schema.org","@graph":[{"@type":"WebPage","@id":"https:\/\/lakline.it\/es\/que-hacemos\/lonas-y-coberturas\/","url":"https:\/\/lakline.it\/es\/que-hacemos\/lonas-y-coberturas\/","name":"Teloni e coperture - Lakline","isPartOf":{"@id":"https:\/\/lakline.it\/it\/#website"},"datePublished":"2019-09-09T11:22:39+00:00","dateModified":"2025-07-23T08:29:59+00:00","breadcrumb":{"@id":"https:\/\/lakline.it\/es\/que-hacemos\/lonas-y-coberturas\/#breadcrumb"},"inLanguage":"es","potentialAction":[{"@type":"ReadAction","target":["https:\/\/lakline.it\/es\/que-hacemos\/lonas-y-coberturas\/"]}]},{"@type":"BreadcrumbList","@id":"https:\/\/lakline.it\/es\/que-hacemos\/lonas-y-coberturas\/#breadcrumb","itemListElement":[{"@type":"ListItem","position":1,"name":"P\u00e1gina principal","item":"https:\/\/lakline.it\/it\/"},{"@type":"ListItem","position":2,"name":"Qu\u00e9 hacemos","item":"https:\/\/lakline.it\/it\/cosa-facciamo\/"},{"@type":"ListItem","position":3,"name":"Lonas y coberturas"}]},{"@type":"WebSite","@id":"https:\/\/lakline.it\/es\/it\/#website","url":"https:\/\/lakline.it\/es\/it\/","name":"Lakline","description":"","publisher":{"@id":"https:\/\/lakline.it\/es\/it\/#organization"},"potentialAction":[{"@type":"SearchAction","target":{"@type":"EntryPoint","urlTemplate":"https:\/\/lakline.it\/es\/it\/?s={search_term_string}"},"query-input":{"@type":"PropertyValueSpecification","valueRequired":true,"valueName":"search_term_string"}}],"inLanguage":"es"},{"@type":"Organization","@id":"https:\/\/lakline.it\/es\/it\/#organization","name":"Lakline","url":"https:\/\/lakline.it\/es\/it\/","logo":{"@type":"ImageObject","inLanguage":"es","@id":"https:\/\/lakline.it\/es\/it\/#\/schema\/logo\/image\/","url":"https:\/\/lakline.it\/wp-content\/uploads\/2025\/06\/cropped-lakline-logo-ok-sfumatura-allargata-13-giugno-2023-scaled-1.png","contentUrl":"https:\/\/lakline.it\/wp-content\/uploads\/2025\/06\/cropped-lakline-logo-ok-sfumatura-allargata-13-giugno-2023-scaled-1.png","width":512,"height":512,"caption":"Lakline"},"image":{"@id":"https:\/\/lakline.it\/es\/it\/#\/schema\/logo\/image\/"},"sameAs":["https:\/\/www.instagram.com\/laklinesrl\/"]}]}},"_links":{"self":[{"href":"https:\/\/lakline.it\/es\/wp-json\/wp\/v2\/pages\/3","targetHints":{"allow":["GET"]}}],"collection":[{"href":"https:\/\/lakline.it\/es\/wp-json\/wp\/v2\/pages"}],"about":[{"href":"https:\/\/lakline.it\/es\/wp-json\/wp\/v2\/types\/page"}],"author":[{"embeddable":true,"href":"https:\/\/lakline.it\/es\/wp-json\/wp\/v2\/users\/1"}],"replies":[{"embeddable":true,"href":"https:\/\/lakline.it\/es\/wp-json\/wp\/v2\/comments?post=3"}],"version-history":[{"count":41,"href":"https:\/\/lakline.it\/es\/wp-json\/wp\/v2\/pages\/3\/revisions"}],"predecessor-version":[{"id":2749,"href":"https:\/\/lakline.it\/es\/wp-json\/wp\/v2\/pages\/3\/revisions\/2749"}],"up":[{"embeddable":true,"href":"https:\/\/lakline.it\/es\/wp-json\/wp\/v2\/pages\/2"}],"wp:attachment":[{"href":"https:\/\/lakline.it\/es\/wp-json\/wp\/v2\/media?parent=3"}],"curies":[{"name":"wp","href":"https:\/\/api.w.org\/{rel}","templated":true}]}}